{"id":2692,"date":"2026-01-13T07:33:57","date_gmt":"2026-01-13T07:33:57","guid":{"rendered":"https:\/\/rapsisolutions.com\/?page_id=2692"},"modified":"2026-01-13T08:20:15","modified_gmt":"2026-01-13T08:20:15","slug":"csr-strategy","status":"publish","type":"page","link":"https:\/\/rapsisolutions.com\/de\/csr-strategy\/","title":{"rendered":"CSR Strategy"},"content":{"rendered":"<div class=\"fusion-fullwidth fullwidth-box fusion-builder-row-1 fusion-flex-container has-pattern-background has-mask-background nonhundred-percent-fullwidth non-hundred-percent-height-scrolling\" style=\"--awb-background-position:left top;--awb-border-sizes-top:0px;--awb-border-sizes-bottom:0px;--awb-border-sizes-left:0px;--awb-border-sizes-right:0px;--awb-border-radius-top-left:0px;--awb-border-radius-top-right:0px;--awb-border-radius-bottom-right:0px;--awb-border-radius-bottom-left:0px;--awb-padding-top:130px;--awb-padding-bottom:40px;--awb-padding-top-medium:90px;--awb-padding-bottom-medium:90px;--awb-margin-bottom-medium:0px;--awb-background-color:var(--awb-color1);--awb-flex-wrap:wrap;\" ><div class=\"fusion-builder-row fusion-row fusion-flex-align-items-flex-start fusion-flex-justify-content-flex-end fusion-flex-content-wrap\" style=\"max-width:calc( 1200px + 80px );margin-left: calc(-80px \/ 2 );margin-right: calc(-80px \/ 2 );\"><div class=\"fusion-layout-column fusion_builder_column fusion-builder-column-0 fusion_builder_column_1_1 1_1 fusion-flex-column\" style=\"--awb-bg-size:cover;--awb-width-large:100%;--awb-margin-top-large:0px;--awb-spacing-right-large:40px;--awb-margin-bottom-large:20px;--awb-spacing-left-large:40px;--awb-width-medium:100%;--awb-order-medium:0;--awb-spacing-right-medium:40px;--awb-spacing-left-medium:40px;--awb-width-small:100%;--awb-order-small:0;--awb-spacing-right-small:40px;--awb-spacing-left-small:40px;\"><div class=\"fusion-column-wrapper fusion-column-has-shadow fusion-flex-justify-content-flex-start fusion-content-layout-column\"><div class=\"fusion-text fusion-text-1\"><p><em data-start=\"415\" data-end=\"437\">Stand September 2024<\/em><\/p>\n<p>Der Brosch\u00fcre <strong data-start=\"453\" data-end=\"505\">NACHHALTIGES HANDELN IN UNTERNEHMEN UND REGIONEN<\/strong> des Zentrums f\u00fcr Erneuerbare Energien (ZEE) zufolge, die im Rahmen des vom deutschen Bundesministerium f\u00fcr Bildung und Forschung (BMBF) gef\u00f6rderten Forschungsprojektes <strong data-start=\"674\" data-end=\"693\">Regio Trans KMU<\/strong> entstanden ist, sind \u201egerade in KMU \u2026 Umweltbewusstsein und F\u00fcrsorge f\u00fcr die eigenen Besch\u00e4ftigten oftmals gelebte Praxis, doch ist das Vorgehen zumeist weniger strukturiert: Ma\u00dfnahmen werden umgesetzt, weil konkreter Bedarf erkannt oder von Mitarbeiter*innen ge\u00e4u\u00dfert wird. \u00dcbergeordnete Ziele werden demgegen\u00fcber nur selten festgelegt und in vielen F\u00e4llen findet keine Kontrolle der Fortschritte anhand spezifischer Kennzahlen statt.\u201c<\/p>\n<p>Als kleines Unternehmen mit weniger als f\u00fcnf festen Mitarbeitern und einem Netzwerk von freiberuflichen Teammitgliedern trifft dies auch auf uns zu. Verantwortung gegen\u00fcber Mitarbeitern und ein Commitment gegen\u00fcber Nachhaltigkeit und Umweltschutz sind f\u00fcr uns ein Grundprinzip im t\u00e4glichen Handeln und Denken. Durch dieses Strategiedokument m\u00f6chten wir Ziele und Standards f\u00fcr unsere Firma festlegen, an denen wir uns messen wollen und denen wir uns verpflichten. Mindestens einmal j\u00e4hrlich werden wir die Ziele, Standards und Ma\u00dfnahmen neubewerten und anpassen, wo wir Handlungsbedarf sehen.<\/p>\n<p>Als IT-Dienstleister ist der Einfluss auf die \u00f6kologischen Aspekte unserer Produkte grunds\u00e4tzlich beschr\u00e4nkt, unser Anspruch ist jedoch, dort wo es uns m\u00f6glich ist, \u00f6kologisch verantwortlich und konsequent nachhaltig zu handeln. Als internationaler Arbeitgeber und Partner, sehen wir uns zudem verpflichtet, unsere eigenen Anspr\u00fcche an faire und sichere Arbeitsbedingungen auch bei unseren Mitarbeitern und Teammitgliedern anzusetzen.<\/p>\n<p class=\"font_2 wixui-rich-text__text\"><strong><span class=\"wixui-rich-text__text\">1. Soziale Ma\u00dfnahmen<\/span><\/strong><\/p>\n<\/div>\n<div class=\"table-1\">\n<table width=\"100%\">\n<thead>\n<tr>\n<th align=\"left\">Unternehmensintern<\/th>\n<th align=\"left\">\n<div class=\"table-1\">\n<p class=\"font_2 wixui-rich-text__text\"><span class=\"wixui-rich-text__text\">Unsere implementierten (durch * gekennzeichnet) und geplanten Ma\u00dfnahmen<\/span><\/p>\n<\/div>\n<\/th>\n<\/tr>\n<\/thead>\n<tbody>\n<tr>\n<td align=\"left\">\n<div class=\"table-1\">\n<p class=\"font_2 wixui-rich-text__text\"><span class=\"wixui-rich-text__text\">Besch\u00e4ftigung\/Jobsicherheit<\/span><\/p>\n<\/div>\n<\/td>\n<td align=\"left\">\n<div class=\"table-1\">\n<ul class=\"font_8 wixui-rich-text__text\">\n<li class=\"wixui-rich-text__text\">\n<p class=\"font_8 wixui-rich-text__text\"><span class=\"wixui-rich-text__text\">Unbefristete Arbeitsverh\u00e4ltnisse*<\/span><\/p>\n<\/li>\n<li class=\"wixui-rich-text__text\">\n<p class=\"font_8 wixui-rich-text__text\"><span class=\"wixui-rich-text__text\">Langfristige Kooperationen*<\/span><\/p>\n<\/li>\n<li class=\"wixui-rich-text__text\">\n<p class=\"font_8 wixui-rich-text__text\"><span class=\"wixui-rich-text__text\">R\u00fccksichtnahme bei privaten Sondersituationen*<\/span><\/p>\n<\/li>\n<\/ul>\n<\/div>\n<\/td>\n<\/tr>\n<tr>\n<td align=\"left\">Angemessene Arbeitszeiten, flexible Arbeitsmodelle<\/td>\n<td align=\"left\">\n<ul class=\"font_8 wixui-rich-text__text\">\n<li class=\"wixui-rich-text__text\">\n<p class=\"font_8 wixui-rich-text__text\"><span class=\"wixui-rich-text__text\">Vermeidung und Ausgleich von \u00dcberstunden.*<\/span><\/p>\n<\/li>\n<li class=\"wixui-rich-text__text\">\n<p class=\"font_8 wixui-rich-text__text\"><span class=\"wixui-rich-text__text\">F\u00f6rderung von Arbeiten im Home Office.*<\/span><\/p>\n<\/li>\n<li class=\"wixui-rich-text__text\">\n<p class=\"font_8 wixui-rich-text__text\"><span class=\"wixui-rich-text__text\">Flexible Arbeitszeiten zur Vereinbarung von Familie und Beruf und zur Ber\u00fccksichtigung des individuellen Biorhythmusses*.<\/span><\/p>\n<\/li>\n<\/ul>\n<\/td>\n<\/tr>\n<tr>\n<td align=\"left\">Vielfalt und Chancengleichheit<\/td>\n<td align=\"left\">\n<ul class=\"font_8 wixui-rich-text__text\">\n<li class=\"wixui-rich-text__text\">\n<p class=\"font_8 wixui-rich-text__text\"><span class=\"wixui-rich-text__text\">Besch\u00e4ftigung \u00e4lterer Menschen, von Menschen mit Behinderung oder Menschen mit Migrationshintergrund(*)<\/span><\/p>\n<\/li>\n<li class=\"wixui-rich-text__text\">\n<p class=\"font_8 wixui-rich-text__text\"><span class=\"wixui-rich-text__text\">Ausschreibungen mit ausdr\u00fccklicher Einladung zur Vergr\u00f6\u00dferung der Vielfalt unseres Teams*<\/span><\/p>\n<\/li>\n<\/ul>\n<\/td>\n<\/tr>\n<tr>\n<td align=\"left\">Weiterbildung<\/td>\n<td align=\"left\">\n<ul class=\"font_8 wixui-rich-text__text\">\n<li class=\"wixui-rich-text__text\">\n<p class=\"font_8 wixui-rich-text__text\"><span class=\"wixui-rich-text__text\">F\u00f6rderungen von Schulungen und Fortbildungen*<\/span><\/p>\n<\/li>\n<\/ul>\n<\/td>\n<\/tr>\n<tr>\n<td align=\"left\">Betriebsklima<\/td>\n<td align=\"left\">\n<ul class=\"font_8 wixui-rich-text__text\">\n<li class=\"wixui-rich-text__text\">\n<p class=\"font_8 wixui-rich-text__text\"><span class=\"wixui-rich-text__text\">W\u00fcrdigung guter Leistungen*<\/span><\/p>\n<\/li>\n<li class=\"wixui-rich-text__text\">\n<p class=\"font_8 wixui-rich-text__text\"><span class=\"wixui-rich-text__text\">Respektvoller Umgang miteinander<\/span><\/p>\n<\/li>\n<\/ul>\n<\/td>\n<\/tr>\n<\/tbody>\n<\/table>\n<\/div>\n<\/div><\/div><div class=\"fusion-layout-column fusion_builder_column fusion-builder-column-1 fusion_builder_column_1_1 1_1 fusion-flex-column\" style=\"--awb-padding-top:30px;--awb-padding-bottom:30px;--awb-bg-size:cover;--awb-width-large:100%;--awb-margin-top-large:0px;--awb-spacing-right-large:40px;--awb-margin-bottom-large:20px;--awb-spacing-left-large:40px;--awb-width-medium:100%;--awb-order-medium:0;--awb-spacing-right-medium:40px;--awb-spacing-left-medium:40px;--awb-width-small:100%;--awb-order-small:0;--awb-spacing-right-small:40px;--awb-spacing-left-small:40px;\"><div class=\"fusion-column-wrapper fusion-column-has-shadow fusion-flex-justify-content-flex-start fusion-content-layout-column\">\n<div class=\"table-1\">\n<table width=\"100%\">\n<thead>\n<tr>\n<th align=\"left\">\n<div class=\"table-1\">\n<p class=\"font_2 wixui-rich-text__text\"><span class=\"wixui-rich-text__text\">Unternehmensextern<\/span><\/p>\n<\/div>\n<\/th>\n<th align=\"left\">\n<div class=\"table-1\">\n<p class=\"font_2 wixui-rich-text__text\">&nbsp;<\/p>\n<\/div>\n<\/th>\n<\/tr>\n<\/thead>\n<tbody>\n<tr>\n<td align=\"left\">\n<div class=\"table-1\">\n<p class=\"font_2 wixui-rich-text__text\">Nachhaltiger Einkauf<\/p>\n<\/div>\n<\/td>\n<td align=\"left\">\n<div class=\"table-1\">\n<ul class=\"font_8 wixui-rich-text__text\">\n<li class=\"wixui-rich-text__text\">\n<p class=\"font_8 wixui-rich-text__text\"><span class=\"wixui-rich-text__text\">Bewertung von Lieferanten\/Produkten hinsichtlich sozialer Kriterien (z.B. Fairtrade-Kriterien)*<\/span><\/p>\n<\/li>\n<\/ul>\n<\/div>\n<\/td>\n<\/tr>\n<tr>\n<td align=\"left\">Gesellschaftliches Engagement<\/td>\n<td align=\"left\">\n<div class=\"table-1\">\n<ul class=\"font_8 wixui-rich-text__text\">\n<li class=\"wixui-rich-text__text\">\n<p class=\"font_8 wixui-rich-text__text\"><span class=\"wixui-rich-text__text\">Geld, Sach- und Zeitspenden<\/span><\/p>\n<\/li>\n<\/ul>\n<\/div>\n<\/td>\n<\/tr>\n<tr>\n<td align=\"left\">Datenschutz<\/td>\n<td align=\"left\">\n<ul class=\"font_8 wixui-rich-text__text\">\n<li class=\"wixui-rich-text__text\">\n<p class=\"font_8 wixui-rich-text__text\"><span class=\"wixui-rich-text__text\">Sensibilisierung der Mitarbeiter*innen im Umgang mit sensiblen Daten*<\/span><\/p>\n<\/li>\n<\/ul>\n<\/td>\n<\/tr>\n<tr>\n<td align=\"left\">Ethische Gesch\u00e4ftspraktiken<\/td>\n<td align=\"left\">\n<ul class=\"font_8 wixui-rich-text__text\">\n<li class=\"wixui-rich-text__text\">\n<p class=\"font_8 wixui-rich-text__text\"><span class=\"wixui-rich-text__text\">Keine Steuervermeidung*<\/span><\/p>\n<\/li>\n<li class=\"wixui-rich-text__text\">\n<p class=\"font_8 wixui-rich-text__text\"><span class=\"wixui-rich-text__text\">Sonderkonditionen f\u00fcr gemeinn\u00fctzige Organisationen*<\/span><\/p>\n<\/li>\n<\/ul>\n<\/td>\n<\/tr>\n<\/tbody>\n<\/table>\n<\/div>\n<\/div><\/div><div class=\"fusion-layout-column fusion_builder_column fusion-builder-column-2 fusion_builder_column_1_1 1_1 fusion-flex-column\" style=\"--awb-bg-size:cover;--awb-width-large:100%;--awb-margin-top-large:0px;--awb-spacing-right-large:40px;--awb-margin-bottom-large:20px;--awb-spacing-left-large:40px;--awb-width-medium:100%;--awb-order-medium:0;--awb-spacing-right-medium:40px;--awb-spacing-left-medium:40px;--awb-width-small:100%;--awb-order-small:0;--awb-spacing-right-small:40px;--awb-spacing-left-small:40px;\"><div class=\"fusion-column-wrapper fusion-column-has-shadow fusion-flex-justify-content-flex-start fusion-content-layout-column\"><div class=\"fusion-text fusion-text-2\"><p><strong><span class=\"wixui-rich-text__text\">2. \u00d6kologische Ma\u00dfnahmen<\/span><\/strong><\/p>\n<\/div>\n<div class=\"table-1\">\n<table width=\"100%\">\n<thead>\n<tr>\n<th align=\"left\">\n<div class=\"table-1\">\n<p class=\"font_2 wixui-rich-text__text\"><span class=\"wixui-rich-text__text\">Unternehmensintern<\/span><\/p>\n<\/div>\n<\/th>\n<th align=\"left\">\n<div class=\"table-1\">\n<p class=\"font_2 wixui-rich-text__text\">&nbsp;<\/p>\n<\/div>\n<\/th>\n<\/tr>\n<\/thead>\n<tbody>\n<tr>\n<td align=\"left\">\n<div class=\"table-1\">\n<p class=\"font_2 wixui-rich-text__text\">Energieverbrauch<\/p>\n<\/div>\n<\/td>\n<td align=\"left\">\n<div class=\"table-1\">\n<ul class=\"font_8 wixui-rich-text__text\">\n<li class=\"wixui-rich-text__text\">\n<p class=\"font_8 wixui-rich-text__text\"><span class=\"wixui-rich-text__text\">Umstellung auf energie-sparende Technologien (z.B. Beleuchtung, IT)<\/span><\/p>\n<\/li>\n<li class=\"wixui-rich-text__text\">\n<p class=\"font_8 wixui-rich-text__text\"><span class=\"wixui-rich-text__text\">Bezug von regenerativem Strom*<\/span><\/p>\n<\/li>\n<li class=\"wixui-rich-text__text\">\n<p class=\"font_8 wixui-rich-text__text\"><span class=\"wixui-rich-text__text\">Wo m\u00f6glich: CO2-neutraler Versand<\/span><\/p>\n<\/li>\n<\/ul>\n<\/div>\n<\/td>\n<\/tr>\n<tr>\n<td align=\"left\">Materialnutzung<\/td>\n<td align=\"left\">\n<ul class=\"font_8 wixui-rich-text__text\">\n<li class=\"wixui-rich-text__text\">\n<p class=\"font_8 wixui-rich-text__text\"><span class=\"wixui-rich-text__text\">Einsatz recycelter Materialien*<\/span><\/p>\n<\/li>\n<li class=\"wixui-rich-text__text\">\n<p class=\"font_8 wixui-rich-text__text\"><span class=\"wixui-rich-text__text\">Steigerung der Materialeffizienz*<\/span><\/p>\n<\/li>\n<li class=\"wixui-rich-text__text\">\n<p class=\"font_8 wixui-rich-text__text\"><span class=\"wixui-rich-text__text\">Vermeiden von Ausdrucken*<\/span><\/p>\n<\/li>\n<li class=\"wixui-rich-text__text\">\n<p class=\"font_8 wixui-rich-text__text\"><span class=\"wixui-rich-text__text\">(Nahezu) Papierfreie Ablage*<\/span><\/p>\n<\/li>\n<li class=\"wixui-rich-text__text\">\n<p class=\"font_8 wixui-rich-text__text\"><span class=\"wixui-rich-text__text\">Vermeidung von Kunststoffen und Nutzung sinnvoller \u00f6kologische Alternativen*<\/span><\/p>\n<\/li>\n<\/ul>\n<\/td>\n<\/tr>\n<tr>\n<td align=\"left\">Wasserverbrauch<\/td>\n<td align=\"left\">\n<ul class=\"font_8 wixui-rich-text__text\">\n<li class=\"wixui-rich-text__text\">\n<p class=\"font_8 wixui-rich-text__text\"><span class=\"wixui-rich-text__text\">Reduktion des Wasserverbrauchs im Alltag*<\/span><\/p>\n<\/li>\n<\/ul>\n<\/td>\n<\/tr>\n<\/tbody>\n<\/table>\n<\/div>\n<\/div><\/div><div class=\"fusion-layout-column fusion_builder_column fusion-builder-column-3 fusion_builder_column_1_1 1_1 fusion-flex-column\" style=\"--awb-padding-top:30px;--awb-padding-bottom:30px;--awb-bg-size:cover;--awb-width-large:100%;--awb-margin-top-large:0px;--awb-spacing-right-large:40px;--awb-margin-bottom-large:20px;--awb-spacing-left-large:40px;--awb-width-medium:100%;--awb-order-medium:0;--awb-spacing-right-medium:40px;--awb-spacing-left-medium:40px;--awb-width-small:100%;--awb-order-small:0;--awb-spacing-right-small:40px;--awb-spacing-left-small:40px;\"><div class=\"fusion-column-wrapper fusion-column-has-shadow fusion-flex-justify-content-flex-start fusion-content-layout-column\">\n<div class=\"table-1\">\n<table width=\"100%\">\n<thead>\n<tr>\n<th align=\"left\">\n<div class=\"table-1\">\n<p class=\"font_2 wixui-rich-text__text\">Unternehmensextern<\/p>\n<\/div>\n<\/th>\n<th align=\"left\">\n<div class=\"table-1\">\n<p class=\"font_2 wixui-rich-text__text\">&nbsp;<\/p>\n<\/div>\n<\/th>\n<\/tr>\n<\/thead>\n<tbody>\n<tr>\n<td align=\"left\">\n<div class=\"table-1\">\n<p class=\"font_2 wixui-rich-text__text\">Nachhaltiger Einkauf<\/p>\n<\/div>\n<\/td>\n<td align=\"left\">\n<div class=\"table-1\">\n<ul class=\"font_8 wixui-rich-text__text\">\n<li class=\"wixui-rich-text__text\">\n<p class=\"font_8 wixui-rich-text__text\"><span class=\"wixui-rich-text__text\">Bewertung von Lieferanten \/ Produkten hinsichtlich \u00f6kologischer Kriterien*<\/span><\/p>\n<\/li>\n<li class=\"wixui-rich-text__text\">\n<p class=\"font_8 wixui-rich-text__text\"><span class=\"wixui-rich-text__text\">Einkauf \u00f6kologischer und\/oder regionaler Produkte *(Recyclingpapier, Samenpapier, \u00f6kologische Giveaways, etc.)<\/span><\/p>\n<\/li>\n<\/ul>\n<\/div>\n<\/td>\n<\/tr>\n<tr>\n<td align=\"left\">Vermeidung und Kompensation von Emissionen<\/td>\n<td align=\"left\">\n<div class=\"table-1\">\n<ul class=\"font_8 wixui-rich-text__text\">\n<li class=\"wixui-rich-text__text\">\n<p class=\"font_8 wixui-rich-text__text\"><span class=\"wixui-rich-text__text\">Reduktion von Dienstreisen auf das n\u00f6tigste, Nutzung von E-Autos wo m\u00f6glich, Bahn vor Flugzeug.*<\/span><\/p>\n<\/li>\n<li class=\"wixui-rich-text__text\">\n<p class=\"font_8 wixui-rich-text__text\"><span class=\"wixui-rich-text__text\">F\u00f6rderung von Home Office*<\/span><\/p>\n<\/li>\n<li class=\"wixui-rich-text__text\">\n<p class=\"font_8 wixui-rich-text__text\"><span class=\"wixui-rich-text__text\">Kooperation mit Baum-Projekten<\/span><\/p>\n<\/li>\n<\/ul>\n<\/div>\n<\/td>\n<\/tr>\n<tr>\n<td align=\"left\">\n<div class=\"table-1\">\n<p class=\"font_2 wixui-rich-text__text\"><span class=\"wixui-rich-text__text\">Umweltmanagement<\/span><\/p>\n<\/div>\n<\/td>\n<td align=\"left\">\n<div class=\"table-1\">\n<ul class=\"font_8 wixui-rich-text__text\">\n<li class=\"wixui-rich-text__text\">\n<p class=\"font_8 wixui-rich-text__text\"><span class=\"wixui-rich-text__text\">Sach- und Geldspenden<\/span><\/p>\n<\/li>\n<li class=\"wixui-rich-text__text\">\n<p class=\"font_8 wixui-rich-text__text\"><span class=\"wixui-rich-text__text\">M\u00fclltrennung*<\/span><\/p>\n<\/li>\n<\/ul>\n<\/div>\n<\/td>\n<\/tr>\n<\/tbody>\n<\/table>\n<\/div>\n<\/div><\/div><div class=\"fusion-layout-column fusion_builder_column fusion-builder-column-4 fusion_builder_column_1_1 1_1 fusion-flex-column\" style=\"--awb-bg-size:cover;--awb-width-large:100%;--awb-margin-top-large:0px;--awb-spacing-right-large:40px;--awb-margin-bottom-large:20px;--awb-spacing-left-large:40px;--awb-width-medium:100%;--awb-order-medium:0;--awb-spacing-right-medium:40px;--awb-spacing-left-medium:40px;--awb-width-small:100%;--awb-order-small:0;--awb-spacing-right-small:40px;--awb-spacing-left-small:40px;\"><div class=\"fusion-column-wrapper fusion-column-has-shadow fusion-flex-justify-content-flex-start fusion-content-layout-column\"><div class=\"fusion-text fusion-text-3\"><h4 data-start=\"4874\" data-end=\"4906\"><strong data-start=\"4877\" data-end=\"4906\">Unser Ziel und Commitment<\/strong><\/h4>\n<p>Unser Ziel ist, bei jeder betrieblichen Entscheidung soziale und \u00f6kologische Konsequenzen zu ber\u00fccksichtigen, Vielfalt zu f\u00f6rdern und entsprechend des oben angegebenen Ma\u00dfnahmen-Katalogs zu handeln. Wir verstehen uns als fairer Arbeitgeber und Partner und handeln nach dem Prinzip, dass unser Tun m\u00f6glichst positive soziale und \u00f6kologische Impulse gibt.<\/p>\n<p>Als Firma, die gemeinn\u00fctzige Organisationen bzw. Nichtregierungsorganisationen als eine prim\u00e4re Kundengruppe identifiziert hat, sehen wir uns in der privilegierten Situation, durch unsere Arbeit, zu den gemeinn\u00fctzigen Zielen unserer Kunden indirekt beizutragen.<\/p>\n<p><em><strong data-start=\"5531\" data-end=\"5562\">Windhagen im September 2024<\/strong><\/em><\/p>\n<\/div><\/div><\/div><div class=\"fusion-layout-column fusion_builder_column fusion-builder-column-5 fusion_builder_column_1_1 1_1 fusion-flex-column\" style=\"--awb-bg-size:cover;--awb-width-large:100%;--awb-margin-top-large:0px;--awb-spacing-right-large:40px;--awb-margin-bottom-large:20px;--awb-spacing-left-large:40px;--awb-width-medium:100%;--awb-order-medium:0;--awb-spacing-right-medium:40px;--awb-spacing-left-medium:40px;--awb-width-small:100%;--awb-order-small:0;--awb-spacing-right-small:40px;--awb-spacing-left-small:40px;\"><div class=\"fusion-column-wrapper fusion-column-has-shadow fusion-flex-justify-content-flex-start fusion-content-layout-column\"><div class=\"fusion-text fusion-text-4\"><h4 data-start=\"4874\" data-end=\"4906\">Nachweisbarer Umweltbeitrag (2025)<\/h4>\n<p>Durch unsere Partnerschaft mit BRACENET konnten 12.375 EUR f\u00fcr den Schutz der Meere gespendet und 69,92 km ausgediente Fischernetze zu neuen Produkten verarbeitet werden. <a href=\"https:\/\/rapsisolutions.com\/wp-content\/uploads\/2026\/01\/Certificate-of-Appreciation_Bastian-van-Mierlo-Softwareberatung.pdf\" target=\"_blank\" rel=\"noopener\">Der Beitrag ist durch eine schriftliche Best\u00e4tigung und ein Zertifikat unseres Partners belegt.<\/a><\/p>\n<\/div><\/div><\/div><\/div><\/div>","protected":false},"excerpt":{"rendered":"","protected":false},"author":1,"featured_media":2665,"parent":0,"menu_order":0,"comment_status":"closed","ping_status":"closed","template":"100-width.php","meta":{"footnotes":""},"class_list":["post-2692","page","type-page","status-publish","has-post-thumbnail","hentry"],"_hostinger_reach_plugin_has_subscription_block":false,"_hostinger_reach_plugin_is_elementor":false,"_links":{"self":[{"href":"https:\/\/rapsisolutions.com\/de\/wp-json\/wp\/v2\/pages\/2692","targetHints":{"allow":["GET"]}}],"collection":[{"href":"https:\/\/rapsisolutions.com\/de\/wp-json\/wp\/v2\/pages"}],"about":[{"href":"https:\/\/rapsisolutions.com\/de\/wp-json\/wp\/v2\/types\/page"}],"author":[{"embeddable":true,"href":"https:\/\/rapsisolutions.com\/de\/wp-json\/wp\/v2\/users\/1"}],"replies":[{"embeddable":true,"href":"https:\/\/rapsisolutions.com\/de\/wp-json\/wp\/v2\/comments?post=2692"}],"version-history":[{"count":3,"href":"https:\/\/rapsisolutions.com\/de\/wp-json\/wp\/v2\/pages\/2692\/revisions"}],"predecessor-version":[{"id":2696,"href":"https:\/\/rapsisolutions.com\/de\/wp-json\/wp\/v2\/pages\/2692\/revisions\/2696"}],"wp:featuredmedia":[{"embeddable":true,"href":"https:\/\/rapsisolutions.com\/de\/wp-json\/wp\/v2\/media\/2665"}],"wp:attachment":[{"href":"https:\/\/rapsisolutions.com\/de\/wp-json\/wp\/v2\/media?parent=2692"}],"curies":[{"name":"wp","href":"https:\/\/api.w.org\/{rel}","templated":true}]}}