{"id":2761,"date":"2026-04-02T11:40:23","date_gmt":"2026-04-02T11:40:23","guid":{"rendered":"https:\/\/rapsisolutions.com\/?page_id=2761"},"modified":"2026-04-02T11:40:23","modified_gmt":"2026-04-02T11:40:23","slug":"environmental-protection-guidelines","status":"publish","type":"page","link":"https:\/\/rapsisolutions.com\/de\/environmental-protection-guidelines\/","title":{"rendered":"Umweltschutzrichtlinien"},"content":{"rendered":"<div class=\"fusion-fullwidth fullwidth-box fusion-builder-row-1 fusion-flex-container has-pattern-background has-mask-background nonhundred-percent-fullwidth non-hundred-percent-height-scrolling\" style=\"--awb-background-position:left top;--awb-border-sizes-top:0px;--awb-border-sizes-bottom:0px;--awb-border-sizes-left:0px;--awb-border-sizes-right:0px;--awb-border-radius-top-left:0px;--awb-border-radius-top-right:0px;--awb-border-radius-bottom-right:0px;--awb-border-radius-bottom-left:0px;--awb-padding-top:130px;--awb-padding-bottom:40px;--awb-padding-top-medium:90px;--awb-padding-bottom-medium:90px;--awb-margin-bottom-medium:0px;--awb-background-color:var(--awb-color1);--awb-flex-wrap:wrap;\" ><div class=\"fusion-builder-row fusion-row fusion-flex-align-items-flex-start fusion-flex-justify-content-flex-end fusion-flex-content-wrap\" style=\"max-width:calc( 1200px + 80px );margin-left: calc(-80px \/ 2 );margin-right: calc(-80px \/ 2 );\"><div class=\"fusion-layout-column fusion_builder_column fusion-builder-column-0 fusion_builder_column_1_1 1_1 fusion-flex-column\" style=\"--awb-bg-size:cover;--awb-width-large:100%;--awb-margin-top-large:0px;--awb-spacing-right-large:40px;--awb-margin-bottom-large:20px;--awb-spacing-left-large:40px;--awb-width-medium:100%;--awb-order-medium:0;--awb-spacing-right-medium:40px;--awb-spacing-left-medium:40px;--awb-width-small:100%;--awb-order-small:0;--awb-spacing-right-small:40px;--awb-spacing-left-small:40px;\"><div class=\"fusion-column-wrapper fusion-column-has-shadow fusion-flex-justify-content-flex-start fusion-content-layout-column\"><div class=\"fusion-text fusion-text-1\"><p>Als modernes IT-Unternehmen tragen wir Verantwortung f\u00fcr einen nachhaltigen und schonenden Umgang mit unserer Umwelt. Als Unternehmen \u00fcbernehmen wir die Verantwortung, unseren Teil zu einer zukunftsf\u00e4higen und klimabewussten Wirtschaft beizutragen.<\/p>\n<p>Mit diesen Umweltschutzrichtlinien bekennen wir uns zu einem verantwortungsvollen, effizienten und nachhaltigen Umgang mit Energie, Ressourcen und Materialien. Wir wollen unsere Prozesse kontinuierlich verbessern, Umweltbelastungen soweit wie m\u00f6glich reduzieren und unsere Mitarbeitenden aktiv einbeziehen. Nachhaltigkeit verstehen wir dabei nicht als einmalige Ma\u00dfnahme, sondern als festen Bestandteil unserer Unternehmenskultur, der in allen Bereichen unseres Handelns verankert ist.<\/p>\n<p><b>1. Energieeffizienz &amp; Stromverbrauch<\/b><\/p>\n<ul>\n<li>Einsatz energieeffizienter Hardware.<\/li>\n<li>Abschalten von Monitoren, Computern und Peripherie nach Arbeitsende.<\/li>\n<li>Aktivieren von Energiesparmodi auf allen Ger\u00e4ten.<\/li>\n<li>Nutzung von LED-Beleuchtung und Bewegungsmeldern in wenig genutzten R\u00e4umen.<\/li>\n<li>Bevorzugung von Cloud-Anbietern mit erneuerbaren Energien.<\/li>\n<\/ul>\n<p><b>2. Nachhaltiges IT-Hardware-Management<\/b><\/p>\n<ul>\n<li>Regelm\u00e4\u00dfige Wartung zur Verl\u00e4ngerung der Hardware-Lebensdauer.<\/li>\n<li>Bevorzugte Reparatur statt Austausch.<\/li>\n<li>Refurbished-Ger\u00e4te vor fabrikneuen Ger\u00e4ten.<\/li>\n<li>Weiterverwendung alter Ger\u00e4te als Schulungsger\u00e4te.<\/li>\n<li>Nachhaltige Entsorgung aller Altger\u00e4te \u00fcber zertifizierte e-Waste-Partner.<\/li>\n<li>Sichere Datenl\u00f6schung vor der Entsorgung (Richtlinie f\u00fcr Datenvernichtung).<\/li>\n<\/ul>\n<p><b>3. Digitale Nachhaltigkeit<\/b><\/p>\n<ul>\n<li>Effiziente Nutzung von Cloud-Speicher, regelm\u00e4\u00dfiges L\u00f6schen von Datenm\u00fcll.<\/li>\n<li>Optimierung von Software, um Rechenlast und Energiebedarf zu minimieren.<\/li>\n<li>Vermeidung unn\u00f6tiger E-Mails (z.\u202fB. interne Chats statt gro\u00dfe E-Mail-Thread-Anh\u00e4nge).<\/li>\n<li>Nutzung von Videokonferenzen statt Gesch\u00e4ftsreisen.<\/li>\n<\/ul>\n<p><b>4. Einkauf &amp; Beschaffung<\/b><\/p>\n<ul>\n<li>Vorrang f\u00fcr Lieferanten, die Nachhaltigkeitsnachweise vorlegen.<\/li>\n<li>Einkauf von B\u00fcromaterialien aus recycelten oder zertifizierten Quellen.<\/li>\n<li>Wenn m\u00f6glich: lokale Anbieter bevorzugen, um Transportwege zu reduzieren.<\/li>\n<\/ul>\n<p><b>5. Mobilit\u00e4t &amp; Arbeitswege<\/b><\/p>\n<ul>\n<li>F\u00f6rderung von Homeoffice, um Pendelwege zu reduzieren.<\/li>\n<li>Nur unbedingt n\u00f6tige Gesch\u00e4ftsreisen; sonst digitale Meetings.<\/li>\n<\/ul>\n<p><b>6. Abfallmanagement &amp; Ressourcenschonung<\/b><\/p>\n<ul>\n<li>Recyclingstationen im B\u00fcro (Papier, Plastik, Elektronik).<\/li>\n<li>Vermeidung von Einwegplastik &amp; Einweggeschirr.<\/li>\n<li>Reduktion des Papierverbrauchs:<\/li>\n<li>Digitaler Dokumentenaustausch\n\u201ePrint only if necessary\u201c-Regel<\/li>\n<li>Wiederverwendung von Verpackungsmaterialien.<\/li>\n<\/ul>\n<p><b>7. Wassersparen<\/b><\/p>\n<ul>\n<li class=\"translation-block\">Installation wassersparender Armaturen.<\/li>\n<li>Bewusstseinsbildung der Mitarbeitenden (z.\u202fB. Hinweisschilder).<\/li>\n<li>Regelm\u00e4\u00dfige Pr\u00fcfung auf Leckagen.<\/li>\n<\/ul>\n<p><b>8. Nachhaltigkeit im B\u00fcroalltag<\/b><\/p>\n<ul>\n<li>Nutzung \u00f6kologischer Reinigungsmittel.<\/li>\n<li>Bereitstellung nachhaltiger Alternativen in der K\u00fcche (z.\u202fB. Glas statt Plastik).<\/li>\n<li>Pflanzen im B\u00fcro zur Verbesserung der Luftqualit\u00e4t.<\/li>\n<\/ul>\n<p><b>9. Mitarbeiter:innen-Einbindung<\/b><\/p>\n<ul>\n<li>Regelm\u00e4\u00dfige Nachhaltigkeits-Workshops oder kurze Awareness-Updates.<\/li>\n<li>Vorschlagswesen: Mitarbeitende k\u00f6nnen Ideen einreichen.<\/li>\n<li>Nachhaltigkeitsbeauftragte\/r auch in kleinen Teams benennen.<\/li>\n<\/ul>\n<p><b>10. Monitoring &amp; Verbesserungsprozesse<\/b><\/p>\n<ul>\n<li>Festlegen von j\u00e4hrlichen Umweltzielen<\/li>\n<li>Dokumentierte CO\u2082-Reduktionsma\u00dfnahmen.<\/li>\n<li>J\u00e4hrliche Berichte oder kurze Nachhaltigkeitsposts ans Team.<\/li>\n<\/ul>\n<\/div><\/div><\/div><\/div><\/div>","protected":false},"excerpt":{"rendered":"","protected":false},"author":1,"featured_media":2667,"parent":0,"menu_order":0,"comment_status":"closed","ping_status":"closed","template":"100-width.php","meta":{"footnotes":""},"class_list":["post-2761","page","type-page","status-publish","has-post-thumbnail","hentry"],"_hostinger_reach_plugin_has_subscription_block":false,"_hostinger_reach_plugin_is_elementor":false,"_links":{"self":[{"href":"https:\/\/rapsisolutions.com\/de\/wp-json\/wp\/v2\/pages\/2761","targetHints":{"allow":["GET"]}}],"collection":[{"href":"https:\/\/rapsisolutions.com\/de\/wp-json\/wp\/v2\/pages"}],"about":[{"href":"https:\/\/rapsisolutions.com\/de\/wp-json\/wp\/v2\/types\/page"}],"author":[{"embeddable":true,"href":"https:\/\/rapsisolutions.com\/de\/wp-json\/wp\/v2\/users\/1"}],"replies":[{"embeddable":true,"href":"https:\/\/rapsisolutions.com\/de\/wp-json\/wp\/v2\/comments?post=2761"}],"version-history":[{"count":3,"href":"https:\/\/rapsisolutions.com\/de\/wp-json\/wp\/v2\/pages\/2761\/revisions"}],"predecessor-version":[{"id":2764,"href":"https:\/\/rapsisolutions.com\/de\/wp-json\/wp\/v2\/pages\/2761\/revisions\/2764"}],"wp:featuredmedia":[{"embeddable":true,"href":"https:\/\/rapsisolutions.com\/de\/wp-json\/wp\/v2\/media\/2667"}],"wp:attachment":[{"href":"https:\/\/rapsisolutions.com\/de\/wp-json\/wp\/v2\/media?parent=2761"}],"curies":[{"name":"wp","href":"https:\/\/api.w.org\/{rel}","templated":true}]}}